{"id":206,"date":"2023-01-31T18:12:01","date_gmt":"2023-01-31T18:12:01","guid":{"rendered":"https:\/\/manto-ukis.lt\/?page_id=206"},"modified":"2023-02-03T09:25:24","modified_gmt":"2023-02-03T09:25:24","slug":"triusininkyste","status":"publish","type":"page","link":"https:\/\/manto-ukis.lt\/index.php\/triusininkyste\/","title":{"rendered":"Triu\u0161ininkyst\u0117"},"content":{"rendered":"\n<p class=\"has-kubio-color-5-color has-text-color\">Kaip prad\u0117ti triu\u0161ininkyst\u0119?<\/p>\n\n\n\n\n\n\n\n\n","protected":false},"excerpt":{"rendered":"<p>Kaip prad\u0117ti triu\u0161ininkyst\u0119?<\/p>\n","protected":false},"author":1,"featured_media":0,"parent":0,"menu_order":0,"comment_status":"closed","ping_status":"closed","template":"","meta":{"saved_in_kubio":false,"_monsterinsights_skip_tracking":false,"_monsterinsights_sitenote_active":false,"_monsterinsights_sitenote_note":"","_monsterinsights_sitenote_category":0,"ngg_post_thumbnail":0,"footnotes":""},"class_list":["post-206","page","type-page","status-publish","hentry"],"aioseo_notices":[],"kubio_ai_page_context":{"short_desc":"","purpose":"general"},"_links":{"self":[{"href":"https:\/\/manto-ukis.lt\/index.php\/wp-json\/wp\/v2\/pages\/206","targetHints":{"allow":["GET"]}}],"collection":[{"href":"https:\/\/manto-ukis.lt\/index.php\/wp-json\/wp\/v2\/pages"}],"about":[{"href":"https:\/\/manto-ukis.lt\/index.php\/wp-json\/wp\/v2\/types\/page"}],"author":[{"embeddable":true,"href":"https:\/\/manto-ukis.lt\/index.php\/wp-json\/wp\/v2\/users\/1"}],"replies":[{"embeddable":true,"href":"https:\/\/manto-ukis.lt\/index.php\/wp-json\/wp\/v2\/comments?post=206"}],"version-history":[{"count":22,"href":"https:\/\/manto-ukis.lt\/index.php\/wp-json\/wp\/v2\/pages\/206\/revisions"}],"predecessor-version":[{"id":469,"href":"https:\/\/manto-ukis.lt\/index.php\/wp-json\/wp\/v2\/pages\/206\/revisions\/469"}],"wp:attachment":[{"href":"https:\/\/manto-ukis.lt\/index.php\/wp-json\/wp\/v2\/media?parent=206"}],"curies":[{"name":"wp","href":"https:\/\/api.w.org\/{rel}","templated":true}]}}