{"id":471,"date":"2023-02-03T09:31:31","date_gmt":"2023-02-03T09:31:31","guid":{"rendered":"https:\/\/manto-ukis.lt\/?page_id=471"},"modified":"2023-02-03T10:11:09","modified_gmt":"2023-02-03T10:11:09","slug":"privatumo-politika","status":"publish","type":"page","link":"https:\/\/manto-ukis.lt\/index.php\/privatumo-politika\/","title":{"rendered":"Privatumo politika"},"content":{"rendered":"\n<p class=\"has-text-align-left has-kubio-color-5-color has-text-color\">1. BENDROSIOS NUOSTATOS<\/p>\n\n\n\n<p class=\"has-text-align-left has-kubio-color-5-color has-text-color\">1.1. \u0160i privatumo politika reglamentuoja tinklapio manto-ukis.lt (toliau \u2013 tinklapis) pagrindinius asmens duomen\u0173 rinkimo, tvarkymo ir saugojimo principus, slapuk\u0173 naudojimo tvark\u0105.<\/p>\n\n\n\n<p class=\"has-text-align-left has-kubio-color-5-color has-text-color\">1.2 manto-ukis.lt gerbia J\u016bs\u0173 privatum\u0105, tod\u0117l u\u017etikrina J\u016bs\u0173 asmenin\u0117s informacijos, pateiktos manto-ukis.lt tinklapyje, saugum\u0105 ir konfidencialum\u0105 pagal Privatumo politikoje i\u0161d\u0117stytas s\u0105lygas.<\/p>\n\n\n\n<p class=\"has-text-align-left has-kubio-color-5-color has-text-color\">1.3 J\u016bs\u0173 asmens duomen\u0173 rinkim\u0105, tvarkym\u0105 ir saugojim\u0105 nustato \u0161i privatumo politika, Lietuvos Respublikos Asmens duomen\u0173 teisin\u0117s apsaugos \u012fstatymas ir kiti teis\u0117s aktai.<\/p>\n\n\n\n<p class=\"has-text-align-left has-kubio-color-5-color has-text-color\">2. SLAPUK\u0172 NAUDOJIMO TVARKA<\/p>\n\n\n\n<p class=\"has-text-align-left has-kubio-color-5-color has-text-color\">2.1 Informuojame, jog, siekiant Jums pasi\u016blyti skland\u0173 informacijos pateikim\u0105 bei visavertes paslaugas, manto-ukis.lt tinklapyje naudojami slapukai (angl. cookies). Slapukai yra \u012fra\u0161omi J\u016bs\u0173 kompiuteryje ar kitame J\u016bs\u0173 naudojamame \u012frenginyje ir yra naudojami tam, kad gal\u0117tume u\u017etikrinti teikiam\u0173 paslaug\u0173 kokyb\u0119, atpa\u017eindami Jus kaip ankstesn\u012f svetain\u0117s naudotoj\u0105; renkant svetain\u0117s lankomumo statistik\u0105.<\/p>\n\n\n\n<p class=\"has-text-align-left has-kubio-color-5-color has-text-color\">2.2 Atidarydami manto-ukis.lt tinklap\u012f ir nar\u0161ydami toliau, J\u016bs sutinkate, kad slapukai b\u016bt\u0173 i\u0161saugoti J\u016bs\u0173 kompiuteryje, telefone, plan\u0161et\u0117je ar kitame naudojamame \u012frenginyje.<\/p>\n\n\n\n<p class=\"has-text-align-left has-kubio-color-5-color has-text-color\">2.3. Savo duot\u0105 sutikim\u0105 galite bet kada at\u0161aukti, pakeisdami savo interneto nar\u0161ykl\u0117s nustatymus. I\u0161samesn\u0117s informacijos pateikiama adresu AllAboutCookies.org. Galite i\u0161trinti visus j\u016bs\u0173 kompiuteryje jau esan\u010dius slapukus, o daugum\u0105 nar\u0161ykli\u0173 nustatyti taip, kad slapukai neb\u016bt\u0173 \u012fra\u0161omi j\u016bs\u0173 \u012frenginyje. Ta\u010diau tokiu atveju jums gali reik\u0117ti rankiniu b\u016bdu pakeisti kai kurias parinktis kaskart, kai lankysit\u0117s interneto svetain\u0117je, o kai kurios paslaugos ir funkcijos gali neveikti.<\/p>\n\n\n\n<p class=\"has-text-align-left has-kubio-color-5-color has-text-color\">3. BAIGIAMOSIOS NUOSTATOS<\/p>\n\n\n\n<p class=\"has-text-align-left has-kubio-color-5-color has-text-color\">3.1 Tolimesnis naudojimasis manto-ukis.lt tinklapio paslaugomis rei\u0161kia \u0161ios privatumo politikos laikym\u0105si.<\/p>\n\n\n\n<p class=\"has-text-align-left has-kubio-color-5-color has-text-color\">3.2 manto-ukis.lt turi teis\u0119 i\u0161 dalies ar visi\u0161kai pakeisti privatumo politik\u0105 ir apie tai paskelbti tinklapyje. Visi i\u0161kil\u0119 nesutarimai ir gin\u010dai sprend\u017eiami vadovaujantis geranori\u0161kumo principu. Nepavykus susitarti, gin\u010dai sprend\u017eiami pagal LR \u012fstatymus.<\/p>\n","protected":false},"excerpt":{"rendered":"<p>1. BENDROSIOS NUOSTATOS 1.1. \u0160i privatumo politika reglamentuoja tinklapio manto-ukis.lt (toliau \u2013 tinklapis) pagrindinius asmens duomen\u0173 rinkimo, tvarkymo ir saugojimo principus, slapuk\u0173 naudojimo tvark\u0105. 1.2 manto-ukis.lt gerbia J\u016bs\u0173 privatum\u0105, tod\u0117l u\u017etikrina J\u016bs\u0173 asmenin\u0117s informacijos, pateiktos manto-ukis.lt tinklapyje, saugum\u0105 ir konfidencialum\u0105 pagal Privatumo politikoje i\u0161d\u0117stytas s\u0105lygas. 1.3 J\u016bs\u0173 asmens duomen\u0173 rinkim\u0105, tvarkym\u0105 ir saugojim\u0105 nustato \u0161i [&hellip;]<\/p>\n","protected":false},"author":1,"featured_media":0,"parent":0,"menu_order":0,"comment_status":"closed","ping_status":"closed","template":"","meta":{"saved_in_kubio":false,"_monsterinsights_skip_tracking":false,"_monsterinsights_sitenote_active":false,"_monsterinsights_sitenote_note":"","_monsterinsights_sitenote_category":0,"ngg_post_thumbnail":0,"footnotes":""},"class_list":["post-471","page","type-page","status-publish","hentry"],"aioseo_notices":[],"kubio_ai_page_context":{"short_desc":"","purpose":"general"},"_links":{"self":[{"href":"https:\/\/manto-ukis.lt\/index.php\/wp-json\/wp\/v2\/pages\/471","targetHints":{"allow":["GET"]}}],"collection":[{"href":"https:\/\/manto-ukis.lt\/index.php\/wp-json\/wp\/v2\/pages"}],"about":[{"href":"https:\/\/manto-ukis.lt\/index.php\/wp-json\/wp\/v2\/types\/page"}],"author":[{"embeddable":true,"href":"https:\/\/manto-ukis.lt\/index.php\/wp-json\/wp\/v2\/users\/1"}],"replies":[{"embeddable":true,"href":"https:\/\/manto-ukis.lt\/index.php\/wp-json\/wp\/v2\/comments?post=471"}],"version-history":[{"count":4,"href":"https:\/\/manto-ukis.lt\/index.php\/wp-json\/wp\/v2\/pages\/471\/revisions"}],"predecessor-version":[{"id":479,"href":"https:\/\/manto-ukis.lt\/index.php\/wp-json\/wp\/v2\/pages\/471\/revisions\/479"}],"wp:attachment":[{"href":"https:\/\/manto-ukis.lt\/index.php\/wp-json\/wp\/v2\/media?parent=471"}],"curies":[{"name":"wp","href":"https:\/\/api.w.org\/{rel}","templated":true}]}}